{"id":166,"date":"2014-04-17T08:23:30","date_gmt":"2014-04-17T08:23:30","guid":{"rendered":"https:\/\/bodenreise.ch\/?page_id=166"},"modified":"2020-12-17T08:02:51","modified_gmt":"2020-12-17T08:02:51","slug":"impressum","status":"publish","type":"page","link":"https:\/\/bodenreise.ch\/fr\/impressum\/","title":{"rendered":"Impressum"},"content":{"rendered":"<p><\/p>\n<h2>Editeur<\/h2>\n<p>Office f\u00e9d\u00e9ral de l\u2019environnement (OFEV)<\/p>\n<p>L\u2019OFEV est un office du D\u00e9partement f\u00e9d\u00e9ral de l\u2019environnement, des transports, de<br \/>\nl\u2019\u00e9nergie et de la communication (DETEC)<br \/>\n<a href=\"https:\/\/www.bafu.admin.ch\" target=\"_blank\" rel=\"noopener noreferrer\">www.bafu.admin.ch<\/a><\/p>\n<h2>Direction de projet<\/h2>\n<p>Gisela Basler, Beat Bringold (division Communication)<\/p>\n<h2>Conception didactique et r\u00e9alisation<\/h2>\n<p>LerNetz AG \u2013 Netzwerk f\u00fcr interaktive Lernmedien, Berne et Zurich<\/p>\n<p><a href=\"http:\/\/www.lernetz.ch\" target=\"_blank\" rel=\"noopener noreferrer\">www.lernetz.ch<\/a><\/p>\n<h2>Equipe de d\u00e9veloppement LerNetz AG<\/h2>\n<p><b>Direction de projet<\/b><\/p>\n<p>Katrin Hans, Andreas Hieber<\/p>\n<p><b>Projet logiciel d\u2019E.A.O. de l\u2019ascenseur souterrain et site<\/b><\/p>\n<p>Beat Habegger, Balz Reber, David Berthold, Othmar Wehle, Tinu Gerber, Daniel Vuille<\/p>\n<p><b>Projet stations didactiques<\/b><\/p>\n<p>Katrin Hans, Tim Leu<\/p>\n<p><b>Projet d\u00e9pliant<\/b><\/p>\n<p>Katrin Hans<\/p>\n<p><b>Projet commentaire \u00e0 l\u2019intention des enseignants<\/b><\/p>\n<p>Andreas Hieber<\/p>\n<p><b>Projet Communication de projet<\/b><\/p>\n<p>Isabel von Steiger<\/p>\n<p><b>Direction commerciale<\/b><\/p>\n<p>Andreas Hieber<\/p>\n<h2>R\u00e9vision: Equipe de d\u00e9veloppement<\/h2>\n<p><b>Direction de projet<\/b><\/p>\n<p>Raphael Wild<\/p>\n<p><b>Projet site<\/b><\/p>\n<p>Rula Al-Shami<\/p>\n<p><b>Projet\u00a0logiciel d\u2019E.A.O. de l\u2019ascenseur souterrain<\/b><\/p>\n<p>Steffen Klaue, Sara Specchia<\/p>\n<h2>Expertise scientifique et didactique (gestion de projet)<\/h2>\n<p>Elena Havlicek, OFEV, division Sols<\/p>\n<p>Hans-Peter Wyssen, Schulverlag plus AG<\/p>\n<p>Bertrand Gentizon, Hintermann &amp; Weber SA<\/p>\n<p>Claudia Degen, Agridea<\/p>\n<h2>Auteurs<\/h2>\n<p>Katrin Hans, LerNetz AG<\/p>\n<p>Tim Leu, LerNetz AG<\/p>\n<p>Andreas Hieber, LerNetz AG<\/p>\n<p>Beat Habegger, LerNetz AG<\/p>\n<p>Claudia Degen, Agridea<\/p>\n<p>Hans-Peter Wyssen, Schulverlag plus AG<\/p>\n<h2>Relecture<\/h2>\n<p>Dr. Monika Wyss, Testudo GmbH<\/p>\n<p>Dr. Edith Koller, Universit\u00e9 Ludwig Maximilian, Munich<\/p>\n<p>Christine Rupflin, ZHAW<\/p>\n<h2>Traduction<\/h2>\n<p>Virginie Linder et Service linguistique de l\u2019OFEV<\/p>\n<p>Antonietta Longo, Vita Iannella, Servizio linguistico dell\u2019UFAM<\/p>\n<h2>R\u00e9alisation technique (programmation flash)<\/h2>\n<p>Liip AG<\/p>\n<p><a href=\"http:\/\/www.liip.ch\" target=\"_blank\" rel=\"noopener noreferrer\">www.liip.ch<\/a><\/p>\n<h2>Conception graphique de l\u2019ascenseur souterrain et des illustrations du sol<\/h2>\n<p>Jan Neversil<\/p>\n<p><a href=\"http:\/\/www.helleresonnen.com\" target=\"_blank\" rel=\"noopener noreferrer\">www.helleresonnen.com<\/a><\/p>\n<h2>Conception graphique et mise en page du d\u00e9pliant<\/h2>\n<p>Jan Neversil<\/p>\n<p><a href=\"http:\/\/www.helleresonnen.com\" target=\"_blank\" rel=\"noopener noreferrer\">www.helleresonnen.com<\/a><\/p>\n<h2>Conception graphique des sch\u00e9mas interactifs (stations didactiques)<\/h2>\n<p>Tim Leu, LerNetz AG<\/p>\n<h2>Conception graphique du site Internet<\/h2>\n<p>Bernhard Sturm, Das Zeichen<\/p>\n<p><a href=\"http:\/\/www.daszeichen.ch\" target=\"_blank\" rel=\"noopener noreferrer\">www.daszeichen.ch<\/a><\/p>\n<h2>Communication et diffusion<\/h2>\n<p>Flavia Castelberg, OFEV<\/p>\n<p>Kathrin Schlup, OFEV<\/p>\n<p>Gisela Basler, OFEV<\/p>\n<p>Peter Zurfl\u00fch, LerNetz AG<\/p>\n<h2>Analyse Web<\/h2>\n<p><a href=\"\/impressum\/disclaimer\/\">Disclaimer<\/a><\/p>\n<p>Mise en oeuvre: 2010, d\u00e9veloppement ult\u00e9rieur : 2011\/2012, r\u00e9vision: 2014<\/p>","protected":false},"excerpt":{"rendered":"<p>Editeur Office f\u00e9d\u00e9ral de l\u2019environnement (OFEV) L\u2019OFEV est un office <a href=\"https:\/\/bodenreise.ch\/fr\/impressum\/\" class=\"more-link\">&#8230;<span class=\"screen-reader-text\">  Impressum<\/span><\/a><\/p>\n","protected":false},"author":2,"featured_media":0,"parent":0,"menu_order":0,"comment_status":"closed","ping_status":"open","template":"","meta":{"footnotes":""},"class_list":["post-166","page","type-page","status-publish","hentry"],"_links":{"self":[{"href":"https:\/\/bodenreise.ch\/fr\/wp-json\/wp\/v2\/pages\/166","targetHints":{"allow":["GET"]}}],"collection":[{"href":"https:\/\/bodenreise.ch\/fr\/wp-json\/wp\/v2\/pages"}],"about":[{"href":"https:\/\/bodenreise.ch\/fr\/wp-json\/wp\/v2\/types\/page"}],"author":[{"embeddable":true,"href":"https:\/\/bodenreise.ch\/fr\/wp-json\/wp\/v2\/users\/2"}],"replies":[{"embeddable":true,"href":"https:\/\/bodenreise.ch\/fr\/wp-json\/wp\/v2\/comments?post=166"}],"version-history":[{"count":16,"href":"https:\/\/bodenreise.ch\/fr\/wp-json\/wp\/v2\/pages\/166\/revisions"}],"predecessor-version":[{"id":853,"href":"https:\/\/bodenreise.ch\/fr\/wp-json\/wp\/v2\/pages\/166\/revisions\/853"}],"wp:attachment":[{"href":"https:\/\/bodenreise.ch\/fr\/wp-json\/wp\/v2\/media?parent=166"}],"curies":[{"name":"wp","href":"https:\/\/api.w.org\/{rel}","templated":true}]}}