{"id":186,"date":"2014-04-25T12:39:08","date_gmt":"2014-04-25T12:39:08","guid":{"rendered":"https:\/\/bodenreise.ch\/?page_id=186"},"modified":"2014-09-26T11:10:29","modified_gmt":"2014-09-26T11:10:29","slug":"was-ist-bodenreise","status":"publish","type":"page","link":"https:\/\/bodenreise.ch\/fr\/was-ist-bodenreise\/","title":{"rendered":"Objectif-Sol.ch, qu\u2019est-ce que c\u2019est?"},"content":{"rendered":"<p><\/p>\n<h2>En bref<\/h2>\n<p>\nLe dossier p\u00e9dagogique en ligne \u00ab Objectif-Sol.ch \u2013 une excursion sous terre \u00bb offre aux \u00e9l\u00e8ves du deuxi\u00e8me cycle primaire (3e \u00e0 6e ann\u00e9e) la possibilit\u00e9 de d\u00e9couvrir le sol et ses multiples facettes de mani\u00e8re ludique.<\/p>\n<p>Il se fonde sur un logiciel d\u2019enseignement assist\u00e9 par ordinateur, un ascenseur virtuel, qui emm\u00e8ne les \u00e9l\u00e8ves sous terre et leur fait d\u00e9couvrir sept stations didactiques.<\/p>\n<p>Les stations se composent d\u2019une s\u00e9quence didactique et d\u2019un texte audio qui permettent d\u2019approfondir un th\u00e8me clairement d\u00e9fini. En conclusion, chacune des stations propose une exp\u00e9rience se rapportant au th\u00e8me trait\u00e9. Selon l\u2019\u00e2ge et le niveau de connaissances des \u00e9l\u00e8ves, il faut une vingtaine de minutes pour faire le tour d\u2019une station, alors que les exp\u00e9riences demandent une \u00e0 deux le\u00e7ons, pr\u00e9paration comprise.<\/p>\n<p>Le logiciel est compl\u00e9t\u00e9 par un d\u00e9pliant consacr\u00e9 \u00e0 la p\u00e9dologie, lequel reprend certains \u00e9l\u00e9ments des stations. Au verso du d\u00e9pliant, on trouve des instructions d\u00e9taill\u00e9es sur les exp\u00e9riences propos\u00e9es.<\/p>\n<p>Il est aussi possible d\u2019entamer cette excursion sous la terre avec l\u2019une des trois missions. Chaque mission est consacr\u00e9e \u00e0 un th\u00e8me sp\u00e9cifique et conduit les \u00e9tudiants vers deux ou trois stations de leur choix. Pour les accompagner dans leur apprentissage, les \u00e9l\u00e8ves disposent pour chaque mission d\u2019un journal de voyage comprenant une description de l\u2019itin\u00e9raire et des t\u00e2ches passionnantes \u00e0 accomplir.<\/p>\n<p>Le moyen didactique \u00ab Objectif-Sol.ch \u00bb remplace le site <a href=\"www.ver-de-terre.ch\">www.ver-de-terre.ch<\/a>, qui est encore en ligne pour une p\u00e9riode transitoire. A partir de septembre, certains documents de www.regenwurm.ch seront disponibles sous la rubrique Archives.\n<\/p>\n<p><\/p>","protected":false},"excerpt":{"rendered":"<p>En bref Le dossier p\u00e9dagogique en ligne \u00ab Objectif-Sol.ch \u2013 <a href=\"https:\/\/bodenreise.ch\/fr\/was-ist-bodenreise\/\" class=\"more-link\">&#8230;<span class=\"screen-reader-text\">  Objectif-Sol.ch, qu\u2019est-ce que c\u2019est?<\/span><\/a><\/p>\n","protected":false},"author":2,"featured_media":0,"parent":0,"menu_order":0,"comment_status":"closed","ping_status":"open","template":"","meta":{"footnotes":""},"class_list":["post-186","page","type-page","status-publish","hentry"],"_links":{"self":[{"href":"https:\/\/bodenreise.ch\/fr\/wp-json\/wp\/v2\/pages\/186","targetHints":{"allow":["GET"]}}],"collection":[{"href":"https:\/\/bodenreise.ch\/fr\/wp-json\/wp\/v2\/pages"}],"about":[{"href":"https:\/\/bodenreise.ch\/fr\/wp-json\/wp\/v2\/types\/page"}],"author":[{"embeddable":true,"href":"https:\/\/bodenreise.ch\/fr\/wp-json\/wp\/v2\/users\/2"}],"replies":[{"embeddable":true,"href":"https:\/\/bodenreise.ch\/fr\/wp-json\/wp\/v2\/comments?post=186"}],"version-history":[{"count":13,"href":"https:\/\/bodenreise.ch\/fr\/wp-json\/wp\/v2\/pages\/186\/revisions"}],"predecessor-version":[{"id":251,"href":"https:\/\/bodenreise.ch\/fr\/wp-json\/wp\/v2\/pages\/186\/revisions\/251"}],"wp:attachment":[{"href":"https:\/\/bodenreise.ch\/fr\/wp-json\/wp\/v2\/media?parent=186"}],"curies":[{"name":"wp","href":"https:\/\/api.w.org\/{rel}","templated":true}]}}