{"id":215,"date":"2014-06-11T12:20:34","date_gmt":"2014-06-11T12:20:34","guid":{"rendered":"https:\/\/bodenreise.ch\/?page_id=215"},"modified":"2024-10-04T10:58:59","modified_gmt":"2024-10-04T10:58:59","slug":"die-einzelnen-elemente-des-lernangebots","status":"publish","type":"page","link":"https:\/\/bodenreise.ch\/fr\/die-einzelnen-elemente-des-lernangebots\/","title":{"rendered":"En d\u00e9tail"},"content":{"rendered":"<p><\/p>\n<div class=\"single-steps\">\n<a href=\"\/wp-content\/uploads\/2014\/06\/Bodenreise_LPK_Intro.png\"><img loading=\"lazy\" decoding=\"async\" class=\"alignleft wp-image-360\" src=\"\/wp-content\/uploads\/2014\/06\/Bodenreise_LPK_Intro-150x150.png\" alt=\"Bodenreise_LPK_Intro\" width=\"200\" height=\"115\" srcset=\"https:\/\/bodenreise.ch\/wp-content\/uploads\/2014\/06\/Bodenreise_LPK_Intro-500x287.png 500w, https:\/\/bodenreise.ch\/wp-content\/uploads\/2014\/06\/Bodenreise_LPK_Intro-1024x588.png 1024w\" sizes=\"auto, (max-width: 200px) 100vw, 200px\" \/><\/a><\/p>\n<h2>Animation d\u2019introduction<\/h2>\n<p>Le logiciel d\u2019E.A.O. commence par une animation: un ver de terre explique aux \u00e9l\u00e8ves comment fonctionne l\u2019ascenseur souterrain et ce que l\u2019on peut d\u00e9couvrir dans le sol. Il est possible de passer l\u2019introduction afin de d\u00e9marrer l\u2019application directement.\n<\/p><\/div>\n<div class=\"single-steps\">\n<a href=\"\/wp-content\/uploads\/2014\/06\/Bodenreise_LPK_Cockpit.png\"><img loading=\"lazy\" decoding=\"async\" class=\"alignleft wp-image-364\" src=\"\/wp-content\/uploads\/2014\/06\/Bodenreise_LPK_Cockpit-150x150.png\" alt=\"Bodenreise_LPK_Cockpit\" width=\"200\" height=\"114\" srcset=\"https:\/\/bodenreise.ch\/wp-content\/uploads\/2014\/06\/Bodenreise_LPK_Cockpit-500x285.png 500w, https:\/\/bodenreise.ch\/wp-content\/uploads\/2014\/06\/Bodenreise_LPK_Cockpit-1024x584.png 1024w\" sizes=\"auto, (max-width: 200px) 100vw, 200px\" \/><\/a><\/p>\n<h2>Logiciel d\u2019E.A.O. \u00abascenseur souterrain\u00bb<\/h2>\n<p>Les \u00e9l\u00e8ves peuvent prendre les commandes de l\u2019ascenseur souterrain. La table d\u2019orientation leur indique \u00e0 quelle couche du sol et \u00e0 quelle profondeur les stations se rapportent. Le bouton de commande rouge au milieu leur permet de naviguer dans l\u2019environnement virtuel du sol.\n<\/p><\/div>\n<div class=\"single-steps\">\n<a href=\"\/wp-content\/uploads\/2018\/10\/screenshot-3-fr.png\"><img loading=\"lazy\" decoding=\"async\" class=\"alignleft wp-image-686\" src=\"\/wp-content\/uploads\/2018\/10\/screenshot-3-fr-500x287.png\" alt=\"\" width=\"200\" height=\"115\" srcset=\"https:\/\/bodenreise.ch\/wp-content\/uploads\/2018\/10\/screenshot-3-fr-500x287.png 500w, https:\/\/bodenreise.ch\/wp-content\/uploads\/2018\/10\/screenshot-3-fr-768x441.png 768w, https:\/\/bodenreise.ch\/wp-content\/uploads\/2018\/10\/screenshot-3-fr-1024x588.png 1024w, https:\/\/bodenreise.ch\/wp-content\/uploads\/2018\/10\/screenshot-3-fr.png 1156w\" sizes=\"auto, (max-width: 200px) 100vw, 200px\" \/><\/a><\/p>\n<h2>Stations didactiques<\/h2>\n<p>En chemin, les \u00e9l\u00e8ves rencontrent diff\u00e9rentes stations didactiques. Le bouton de la table d\u2019orientation correspondant \u00e0 la station visit\u00e9e s\u2019allume et indique aux \u00e9l\u00e8ves o\u00f9 ils se trouvent. Dans le texte audio (bouton \u00e0 droite du bouton de commande), le ver de terre fait un r\u00e9sum\u00e9 du contenu de la station et donne aux \u00e9l\u00e8ves des rep\u00e8res pour les aider \u00e0 s\u2019orienter. Le bouton de gauche permet de lancer la s\u00e9quence didactique interactive.\n<\/p><\/div>\n<div class=\"single-steps\">\n<a href=\"\/wp-content\/uploads\/2018\/10\/screenshot-4-fr.png\"><img loading=\"lazy\" decoding=\"async\" class=\"alignleft wp-image-688\" src=\"\/wp-content\/uploads\/2018\/10\/screenshot-4-fr-500x287.png\" alt=\"\" width=\"200\" height=\"115\" srcset=\"https:\/\/bodenreise.ch\/wp-content\/uploads\/2018\/10\/screenshot-4-fr-500x287.png 500w, https:\/\/bodenreise.ch\/wp-content\/uploads\/2018\/10\/screenshot-4-fr-768x441.png 768w, https:\/\/bodenreise.ch\/wp-content\/uploads\/2018\/10\/screenshot-4-fr-1024x588.png 1024w, https:\/\/bodenreise.ch\/wp-content\/uploads\/2018\/10\/screenshot-4-fr.png 1156w\" sizes=\"auto, (max-width: 200px) 100vw, 200px\" \/><\/a><\/p>\n<h2>S\u00e9quences didactiques interactives<\/h2>\n<p>Une s\u00e9quence comprend en g\u00e9n\u00e9ral 12 \u00e0 15 \u00e9crans. Des photos, des graphiques interactifs, des exercices et nombre d\u2019illustrations transmettent les \u00e9l\u00e9ments cl\u00e9s de mani\u00e8re vari\u00e9e, en tenant compte du niveau des \u00e9l\u00e8ves. Chaque s\u00e9quence se termine par la description d\u2019une exp\u00e9rience qui permet d\u2019int\u00e9grer le contenu en le rendant vivant.\n<\/p><\/div>\n<div class=\"single-steps\">\n<a href=\"\/wp-content\/uploads\/2018\/10\/screenshot-5-fr.png\"><img loading=\"lazy\" decoding=\"async\" class=\"alignleft wp-image-690\" src=\"\/wp-content\/uploads\/2018\/10\/screenshot-5-fr-500x287.png\" alt=\"\" width=\"200\" height=\"115\" srcset=\"https:\/\/bodenreise.ch\/wp-content\/uploads\/2018\/10\/screenshot-5-fr-500x287.png 500w, https:\/\/bodenreise.ch\/wp-content\/uploads\/2018\/10\/screenshot-5-fr-768x441.png 768w, https:\/\/bodenreise.ch\/wp-content\/uploads\/2018\/10\/screenshot-5-fr-1024x588.png 1024w, https:\/\/bodenreise.ch\/wp-content\/uploads\/2018\/10\/screenshot-5-fr.png 1156w\" sizes=\"auto, (max-width: 200px) 100vw, 200px\" \/><\/a><\/p>\n<h2>Partie \u00abbase\u00bb et partie \u00abplus\u00bb<\/h2>\n<p>La s\u00e9quence didactique est compos\u00e9e de deux parties: une partie \u00ab base \u00bb, qui contient les informations les plus importantes pour r\u00e9pondre aux objectifs vis\u00e9s, et une partie \u00ab plus \u00bb, qui permet d\u2019approfondir certains th\u00e8mes. Les contenus des parties \u00ab base \u00bb sont destin\u00e9s aux \u00e9l\u00e8ves de 3e et 4e ann\u00e9e. Les stations peuvent \u00eatre abord\u00e9es dans l\u2019ordre voulu.\n<\/p><\/div>\n<div class=\"single-steps\">\n<a href=\"\/wp-content\/uploads\/2018\/10\/screenshot-6-fr.png\"><img loading=\"lazy\" decoding=\"async\" class=\"alignleft wp-image-692\" src=\"\/wp-content\/uploads\/2018\/10\/screenshot-6-fr-500x287.png\" alt=\"\" width=\"200\" height=\"115\" srcset=\"https:\/\/bodenreise.ch\/wp-content\/uploads\/2018\/10\/screenshot-6-fr-500x287.png 500w, https:\/\/bodenreise.ch\/wp-content\/uploads\/2018\/10\/screenshot-6-fr-768x441.png 768w, https:\/\/bodenreise.ch\/wp-content\/uploads\/2018\/10\/screenshot-6-fr-1024x588.png 1024w, https:\/\/bodenreise.ch\/wp-content\/uploads\/2018\/10\/screenshot-6-fr.png 1156w\" sizes=\"auto, (max-width: 200px) 100vw, 200px\" \/><\/a><\/p>\n<h2>Missions<\/h2>\n<p>A c\u00f4t\u00e9 de la d\u00e9couverte autonome de cette offre p\u00e9dagogique, il existe aussi la possibilit\u00e9 d\u2019entamer cette excursion sous terre avec l\u2019une des trois missions. Chaque mission est consacr\u00e9e \u00e0 un th\u00e8me sp\u00e9cifique et conduit les \u00e9l\u00e8ves vers deux ou trois stations de leur choix. Pour les accompagner dans leur apprentissage, les \u00e9l\u00e8ves disposent pour chaque mission d\u2019un Journal de voyage comprenant une description de l\u2019itin\u00e9raire et des t\u00e2ches passionnantes relatives \u00e0 chaque station didactique.\n<\/p><\/div>\n<div class=\"single-steps\">\n<a href=\"\/wp-content\/uploads\/2014\/06\/bodenreise_6_fr_1.jpg\"><img loading=\"lazy\" decoding=\"async\" class=\"alignnone size-full wp-image-216\" src=\"\/wp-content\/uploads\/2014\/06\/bodenreise_6_fr_1.jpg\" alt=\"bodenreise_6_fr_1\" width=\"200\" height=\"133\" \/><\/a><\/p>\n<h2>D\u00e9pliant<\/h2>\n<p>Le produit comprend un d\u00e9pliant, qui se r\u00e9f\u00e8re aux stations didactiques du logiciel. Le d\u00e9pliant est imprim\u00e9 sur du papier hydrofuge, sur lequel il est tout de m\u00eame possible d\u2019\u00e9crire, de sorte qu\u2019il est parfaitement adapt\u00e9 aux excursions dans la nature. Au recto sont repr\u00e9sent\u00e9es les diff\u00e9rentes couches du sol.\n<\/p><\/div>\n<div class=\"single-steps\">\n<a href=\"\/wp-content\/uploads\/2014\/06\/bodenreise_7_1.jpg\"><img loading=\"lazy\" decoding=\"async\" class=\"alignnone size-full wp-image-216\" src=\"\/wp-content\/uploads\/2014\/06\/bodenreise_7_1.jpg\" alt=\"bodenreise_7_1\" width=\"200\" height=\"133\" \/><\/a><\/p>\n<h2>Verso du d\u00e9pliant<\/h2>\n<p>Les \u00e9l\u00e8ves trouvent au verso du d\u00e9pliant des instructions et illustrations d\u00e9taill\u00e9es sur les sept exp\u00e9riences que le logiciel d\u2019E.A.O. leur propose de r\u00e9aliser.\n<\/p><\/div>\n<p><\/p>","protected":false},"excerpt":{"rendered":"<p>Animation d\u2019introduction Le logiciel d\u2019E.A.O. commence par une animation: un <a href=\"https:\/\/bodenreise.ch\/fr\/die-einzelnen-elemente-des-lernangebots\/\" class=\"more-link\">&#8230;<span class=\"screen-reader-text\">  En d\u00e9tail<\/span><\/a><\/p>\n","protected":false},"author":2,"featured_media":0,"parent":0,"menu_order":0,"comment_status":"closed","ping_status":"open","template":"","meta":{"footnotes":""},"class_list":["post-215","page","type-page","status-publish","hentry"],"_links":{"self":[{"href":"https:\/\/bodenreise.ch\/fr\/wp-json\/wp\/v2\/pages\/215","targetHints":{"allow":["GET"]}}],"collection":[{"href":"https:\/\/bodenreise.ch\/fr\/wp-json\/wp\/v2\/pages"}],"about":[{"href":"https:\/\/bodenreise.ch\/fr\/wp-json\/wp\/v2\/types\/page"}],"author":[{"embeddable":true,"href":"https:\/\/bodenreise.ch\/fr\/wp-json\/wp\/v2\/users\/2"}],"replies":[{"embeddable":true,"href":"https:\/\/bodenreise.ch\/fr\/wp-json\/wp\/v2\/comments?post=215"}],"version-history":[{"count":35,"href":"https:\/\/bodenreise.ch\/fr\/wp-json\/wp\/v2\/pages\/215\/revisions"}],"predecessor-version":[{"id":1072,"href":"https:\/\/bodenreise.ch\/fr\/wp-json\/wp\/v2\/pages\/215\/revisions\/1072"}],"wp:attachment":[{"href":"https:\/\/bodenreise.ch\/fr\/wp-json\/wp\/v2\/media?parent=215"}],"curies":[{"name":"wp","href":"https:\/\/api.w.org\/{rel}","templated":true}]}}