{"id":226,"date":"2014-06-11T13:12:18","date_gmt":"2014-06-11T13:12:18","guid":{"rendered":"https:\/\/bodenreise.ch\/?page_id=226"},"modified":"2020-11-19T07:08:32","modified_gmt":"2020-11-19T07:08:32","slug":"archiv-regenwurm-ch","status":"publish","type":"page","link":"https:\/\/bodenreise.ch\/fr\/archiv-regenwurm-ch\/","title":{"rendered":"Archive ver-de-terre.ch"},"content":{"rendered":"<p><a href=\"http:\/\/objectif-sol.ch\">www.objectif-sol.ch<\/a> remplace l\u2019offre pr\u00e9c\u00e9dente: www.ver-de-terre.ch. Cette derni\u00e8re proposait sous forme \u00e9lectronique les contenus p\u00e9dagogiques de l\u2019exposition itin\u00e9rante \u00abVer de terre\u00bb (1996-2005). Mais il est encore possible de consulter les documents suivants:<\/p>\n<h2>Brochure<\/h2>\n<p>La premi\u00e8re partie de la brochure d\u2019accompagnement explique la vie du ver de terre. La seconde partie traite essentiellement de l\u2019utilit\u00e9 du ver de terre pour l\u2019environnement et de sa d\u00e9pendance par rapport \u00e0 l\u2019homme.<br \/>\n<a href=\"\/wp-content\/uploads\/2014\/08\/brochure_1.pdf\" target=\"_blank\" rel=\"noopener noreferrer\">Brochure REGENWURM<\/a> (pdf, 48 pages, 2238 kB)<\/p>","protected":false},"excerpt":{"rendered":"<p>www.objectif-sol.ch remplace l\u2019offre pr\u00e9c\u00e9dente: www.ver-de-terre.ch. Cette derni\u00e8re proposait sous forme <a href=\"https:\/\/bodenreise.ch\/fr\/archiv-regenwurm-ch\/\" class=\"more-link\">&#8230;<span class=\"screen-reader-text\">  Archive ver-de-terre.ch<\/span><\/a><\/p>\n","protected":false},"author":2,"featured_media":0,"parent":0,"menu_order":0,"comment_status":"closed","ping_status":"open","template":"","meta":{"footnotes":""},"class_list":["post-226","page","type-page","status-publish","hentry"],"_links":{"self":[{"href":"https:\/\/bodenreise.ch\/fr\/wp-json\/wp\/v2\/pages\/226","targetHints":{"allow":["GET"]}}],"collection":[{"href":"https:\/\/bodenreise.ch\/fr\/wp-json\/wp\/v2\/pages"}],"about":[{"href":"https:\/\/bodenreise.ch\/fr\/wp-json\/wp\/v2\/types\/page"}],"author":[{"embeddable":true,"href":"https:\/\/bodenreise.ch\/fr\/wp-json\/wp\/v2\/users\/2"}],"replies":[{"embeddable":true,"href":"https:\/\/bodenreise.ch\/fr\/wp-json\/wp\/v2\/comments?post=226"}],"version-history":[{"count":19,"href":"https:\/\/bodenreise.ch\/fr\/wp-json\/wp\/v2\/pages\/226\/revisions"}],"predecessor-version":[{"id":824,"href":"https:\/\/bodenreise.ch\/fr\/wp-json\/wp\/v2\/pages\/226\/revisions\/824"}],"wp:attachment":[{"href":"https:\/\/bodenreise.ch\/fr\/wp-json\/wp\/v2\/media?parent=226"}],"curies":[{"name":"wp","href":"https:\/\/api.w.org\/{rel}","templated":true}]}}