{"id":263,"date":"2014-06-18T08:44:08","date_gmt":"2014-06-18T08:44:08","guid":{"rendered":"https:\/\/bodenreise.ch\/?page_id=263"},"modified":"2014-09-26T08:51:04","modified_gmt":"2014-09-26T08:51:04","slug":"inhalte-und-didaktische-leitfragen","status":"publish","type":"page","link":"https:\/\/bodenreise.ch\/fr\/inhalte-und-didaktische-leitfragen\/","title":{"rendered":"Th\u00e8mes et questions didactiques"},"content":{"rendered":"<p>Objectif-Sol.ch aborde la probl\u00e9matique du sol sous diff\u00e9rents angles et propose l\u2019\u00e9tude des sept th\u00e8mes suivants:<\/p>\n<ul class=\"station\">\n<li><label>Station 1: la liti\u00e8re de feuilles sur le sol<\/label><br \/>\nQuestion cl\u00e9: que deviennent les feuilles tomb\u00e9es \u00e0 terre?<\/li>\n<li><label>Station 2: les champignons et les bact\u00e9ries dans le sol<\/label><br \/>\nQuestion cl\u00e9: que font les champignons et les bact\u00e9ries invisibles \u00e0 l\u2019\u0153il nu pour le sol?<\/li>\n<li><label>Station 3: la faune du sol<\/label><br \/>\nQuestion cl\u00e9: quel r\u00f4le jouent les animaux du sol pour le sol et inversement?<\/li>\n<li><label>Station 4: l\u2019eau dans le sol<\/label><br \/>\nQuestion cl\u00e9: pourquoi l\u2019eau est-elle importante pour le sol et inversement?<\/li>\n<li><label>Station 5: de la roche au sol<\/label><br \/>\nQuestion cl\u00e9: comment le sol s\u2019est-il form\u00e9?<\/li>\n<li><label>Station 6: le sol, un m\u00e9lange<\/label><br \/>\nQuestion cl\u00e9: quelles forces participent au brassage des composants du sol?<\/li>\n<li><label>Station 7: les plantes et le sol<\/label><br \/>\nQuestion cl\u00e9: que donne le sol aux plantes pour pousser et que re\u00e7oit-il des plantes?<\/li>\n<\/ul>\n<p><\/p>","protected":false},"excerpt":{"rendered":"<p>Objectif-Sol.ch aborde la probl\u00e9matique du sol sous diff\u00e9rents angles et <a href=\"https:\/\/bodenreise.ch\/fr\/inhalte-und-didaktische-leitfragen\/\" class=\"more-link\">&#8230;<span class=\"screen-reader-text\">  Th\u00e8mes et questions didactiques<\/span><\/a><\/p>\n","protected":false},"author":2,"featured_media":0,"parent":0,"menu_order":0,"comment_status":"closed","ping_status":"open","template":"","meta":{"footnotes":""},"class_list":["post-263","page","type-page","status-publish","hentry"],"_links":{"self":[{"href":"https:\/\/bodenreise.ch\/fr\/wp-json\/wp\/v2\/pages\/263","targetHints":{"allow":["GET"]}}],"collection":[{"href":"https:\/\/bodenreise.ch\/fr\/wp-json\/wp\/v2\/pages"}],"about":[{"href":"https:\/\/bodenreise.ch\/fr\/wp-json\/wp\/v2\/types\/page"}],"author":[{"embeddable":true,"href":"https:\/\/bodenreise.ch\/fr\/wp-json\/wp\/v2\/users\/2"}],"replies":[{"embeddable":true,"href":"https:\/\/bodenreise.ch\/fr\/wp-json\/wp\/v2\/comments?post=263"}],"version-history":[{"count":11,"href":"https:\/\/bodenreise.ch\/fr\/wp-json\/wp\/v2\/pages\/263\/revisions"}],"predecessor-version":[{"id":389,"href":"https:\/\/bodenreise.ch\/fr\/wp-json\/wp\/v2\/pages\/263\/revisions\/389"}],"wp:attachment":[{"href":"https:\/\/bodenreise.ch\/fr\/wp-json\/wp\/v2\/media?parent=263"}],"curies":[{"name":"wp","href":"https:\/\/api.w.org\/{rel}","templated":true}]}}