{"id":271,"date":"2014-06-18T09:03:45","date_gmt":"2014-06-18T09:03:45","guid":{"rendered":"https:\/\/bodenreise.ch\/?page_id=271"},"modified":"2014-08-28T09:16:46","modified_gmt":"2014-08-28T09:16:46","slug":"italiano-spedizione-sotto-terra-con-viaggi-esplorativi","status":"publish","type":"page","link":"https:\/\/bodenreise.ch\/fr\/italiano-spedizione-sotto-terra-con-viaggi-esplorativi\/","title":{"rendered":"Excursion sous la terre avec missions"},"content":{"rendered":"<p>Il est aussi possible d\u2019entamer cette excursion sous la terre avec l\u2019une des trois missions. Chaque mission se concentre sur un aspect central de l&rsquo;agrologie et les \u00e9tudiants sont dirig\u00e9s le long d&rsquo;une piste vers deux ou trois stations de leur choix. Les \u00e9l\u00e8ves disposent en outre \u00e0 chaque fois d&rsquo;un \u00abJournal de voyage\u00bb qui doit pr\u00e9alablement \u00eatre imprim\u00e9, puis rempli au stylo. Ce journal contient une description tr\u00e8s utile de l&rsquo;itin\u00e9raire ainsi que trois t\u00e2ches diff\u00e9rentes qui doivent \u00eatre effectu\u00e9es pour chaque station. Ces t\u00e2ches d\u00e9veloppent non seulement le don de l&rsquo;observation, mais \u00e9galement les facult\u00e9s de compr\u00e9hension.<\/p>\n<h2>Mission 1: La vie dans le sol<\/h2>\n<p>La mission \u00abLa vie dans le sol\u00bb est consacr\u00e9e aux nombreuses cr\u00e9atures qui peuplent le sol. Les \u00e9tudiants apprennent ainsi qu&rsquo;outre les animaux du sol, les champignons et les bact\u00e9ries assument eux aussi des t\u00e2ches tr\u00e8s importantes.<\/p>\n<ul>\n<li><a href=\"\/wp-content\/uploads\/2014\/08\/Bafu_Mission01_FR_ohneLoesung.pdf\" target=\"_blank\">Journal de voyage pour la Mission \u00abLa vie dans le sol\u00bb, sans corrig\u00e9 (pdf)<\/a><\/li>\n<li><a href=\"\/wp-content\/uploads\/2014\/08\/Bafu_Mission01_FR_mitLoesung.pdf\" target=\"_blank\">Journal de voyage pour la Mission \u00abLa vie dans le sol\u00bb, avec corrig\u00e9 (pdf)<\/a><\/li>\n<\/ul>\n<h2>Mission 2: La formation du sol<\/h2>\n<p>La mission \u00abLa formation du sol\u00bb pr\u00e9sente les processus qui se d\u00e9roulent lors de la formation du sol. Cette mission est \u00e9galement consacr\u00e9e aux diff\u00e9rentes couches qui composent le sol, ainsi qu&rsquo;\u00e0 l&rsquo;influence des conditions m\u00e9t\u00e9orologiques et des animaux qui y vivent sur le m\u00e9lange de la terre.<\/p>\n<ul>\n<li><a href=\"\/wp-content\/uploads\/2014\/08\/Bafu_Mission02_FR_ohneLoesung.pdf\" target=\"_blank\">Journal de voyage pour la Mission \u00abLa formation du sol\u00bb, sans corrig\u00e9 (pdf)<\/a><\/li>\n<li><a href=\"\/wp-content\/uploads\/2014\/08\/Bafu_Mission02_FR_mitLoesung.pdf\" target=\"_blank\">Journal de voyage pour la Mission \u00abLa formation du sol\u00bb, avec corrig\u00e9 (pdf)<\/a><\/li>\n<\/ul>\n<h2>Mission 3: Les r\u00f4les du sol<\/h2>\n<p>Dans la mission \u00abLes r\u00f4les du sol\u00bb, les \u00e9l\u00e8ves apprennent \u00e0 quel point le sol est important pour les plantes, les animaux et les \u00eatres humains. Ils en apprennent \u00e9galement davantage sur le r\u00f4le de l&rsquo;eau dans le sol. Cette mission a \u00e9galement pour objectif de renforcer l&rsquo;id\u00e9e qu&rsquo;une utilisation responsable des sols repr\u00e9sente pour chaque \u00eatre humain une t\u00e2che importante.<\/p>\n<ul>\n<li><a href=\"\/wp-content\/uploads\/2014\/08\/Bafu_Mission03_FR_ohneLoesung.pdf\" target=\"_blank\">Journal de voyage pour la Mission \u00abLes r\u00f4les du sol\u00bb, sans corrig\u00e9 (pdf)<\/a><\/li>\n<li><a href=\"\/wp-content\/uploads\/2014\/08\/Bafu_Mission03_FR_mitLoesung.pdf\" target=\"_blank\">Journal de voyage pour la Mission \u00abLes r\u00f4les du sol\u00bb, avec corrig\u00e9 (pdf)<\/a><\/li>\n<\/ul>\n<p><\/p>","protected":false},"excerpt":{"rendered":"<p>Il est aussi possible d\u2019entamer cette excursion sous la terre <a href=\"https:\/\/bodenreise.ch\/fr\/italiano-spedizione-sotto-terra-con-viaggi-esplorativi\/\" class=\"more-link\">&#8230;<span class=\"screen-reader-text\">  Excursion sous la terre avec missions<\/span><\/a><\/p>\n","protected":false},"author":2,"featured_media":0,"parent":0,"menu_order":0,"comment_status":"closed","ping_status":"open","template":"","meta":{"footnotes":""},"class_list":["post-271","page","type-page","status-publish","hentry"],"_links":{"self":[{"href":"https:\/\/bodenreise.ch\/fr\/wp-json\/wp\/v2\/pages\/271","targetHints":{"allow":["GET"]}}],"collection":[{"href":"https:\/\/bodenreise.ch\/fr\/wp-json\/wp\/v2\/pages"}],"about":[{"href":"https:\/\/bodenreise.ch\/fr\/wp-json\/wp\/v2\/types\/page"}],"author":[{"embeddable":true,"href":"https:\/\/bodenreise.ch\/fr\/wp-json\/wp\/v2\/users\/2"}],"replies":[{"embeddable":true,"href":"https:\/\/bodenreise.ch\/fr\/wp-json\/wp\/v2\/comments?post=271"}],"version-history":[{"count":10,"href":"https:\/\/bodenreise.ch\/fr\/wp-json\/wp\/v2\/pages\/271\/revisions"}],"predecessor-version":[{"id":476,"href":"https:\/\/bodenreise.ch\/fr\/wp-json\/wp\/v2\/pages\/271\/revisions\/476"}],"wp:attachment":[{"href":"https:\/\/bodenreise.ch\/fr\/wp-json\/wp\/v2\/media?parent=271"}],"curies":[{"name":"wp","href":"https:\/\/api.w.org\/{rel}","templated":true}]}}