{"id":290,"date":"2014-06-18T09:46:46","date_gmt":"2014-06-18T09:46:46","guid":{"rendered":"https:\/\/bodenreise.ch\/?page_id=290"},"modified":"2025-02-12T08:52:42","modified_gmt":"2025-02-12T08:52:42","slug":"leporello","status":"publish","type":"page","link":"https:\/\/bodenreise.ch\/fr\/leporello\/","title":{"rendered":"D\u00e9pliant"},"content":{"rendered":"<p>Un d\u00e9pliant vient compl\u00e9ter le site p\u00e9dagogique \u00ab Objectif-Sol.ch \u2013 une excursion sous terre \u00bb, reprenant des \u00e9l\u00e9ments du logiciel d\u2019enseignement assist\u00e9 par ordinateur (logiciel d\u2019E.A.O.) \u00ab ascenseur souterrain \u00bb.<\/p>\n<div>\n<p><b>Le recto<\/b> pr\u00e9sente un profil de sol. Il comporte des indications relatives aux sept stations didactiques que l\u2019ascenseur souterrain permet de visiter, aidant les \u00e9l\u00e8ves \u00e0 utiliser le logiciel d\u2019E.A.O.<br \/>\n<b>Le verso<\/b> contient des instructions et des illustrations d\u00e9taill\u00e9es sur les sept exp\u00e9riences pr\u00e9sent\u00e9es dans le logiciel.<\/p>\n<\/div>\n<h2>T\u00e9l\u00e9chargements<\/h2>\n<ul>\n<li><a href=\"http:\/\/bodenreise.ch\/wp-content\/uploads\/2025\/02\/Depliant-Objectif-Sol.pdf\" target=\"_blank\" rel=\"noopener\">D\u00e9pliant<\/a> (pdf, 2 A4 pages)<\/li>\n<\/ul>\n<h2>Commande<\/h2>\n<p>Le d\u00e9pliant compris dans le moyen didactique\u00a0Objectif-Sol.ch\u00a0peut \u00eatre command\u00e9 dans le \u00ab<a href=\"https:\/\/www.bundespublikationen.admin.ch\/fr\/search\/Objectif-Sol.ch\" target=\"_blank\" rel=\"noopener\">Shop publications f\u00e9d\u00e9rales destin\u00e9es \u00e0 la client\u00e8le priv\u00e9e<\/a>\u00bb.<\/p>","protected":false},"excerpt":{"rendered":"<p>Un d\u00e9pliant vient compl\u00e9ter le site p\u00e9dagogique \u00ab Objectif-Sol.ch \u2013 <a href=\"https:\/\/bodenreise.ch\/fr\/leporello\/\" class=\"more-link\">&#8230;<span class=\"screen-reader-text\">  D\u00e9pliant<\/span><\/a><\/p>\n","protected":false},"author":2,"featured_media":0,"parent":0,"menu_order":0,"comment_status":"closed","ping_status":"open","template":"","meta":{"footnotes":""},"class_list":["post-290","page","type-page","status-publish","hentry"],"_links":{"self":[{"href":"https:\/\/bodenreise.ch\/fr\/wp-json\/wp\/v2\/pages\/290","targetHints":{"allow":["GET"]}}],"collection":[{"href":"https:\/\/bodenreise.ch\/fr\/wp-json\/wp\/v2\/pages"}],"about":[{"href":"https:\/\/bodenreise.ch\/fr\/wp-json\/wp\/v2\/types\/page"}],"author":[{"embeddable":true,"href":"https:\/\/bodenreise.ch\/fr\/wp-json\/wp\/v2\/users\/2"}],"replies":[{"embeddable":true,"href":"https:\/\/bodenreise.ch\/fr\/wp-json\/wp\/v2\/comments?post=290"}],"version-history":[{"count":62,"href":"https:\/\/bodenreise.ch\/fr\/wp-json\/wp\/v2\/pages\/290\/revisions"}],"predecessor-version":[{"id":1119,"href":"https:\/\/bodenreise.ch\/fr\/wp-json\/wp\/v2\/pages\/290\/revisions\/1119"}],"wp:attachment":[{"href":"https:\/\/bodenreise.ch\/fr\/wp-json\/wp\/v2\/media?parent=290"}],"curies":[{"name":"wp","href":"https:\/\/api.w.org\/{rel}","templated":true}]}}