{"id":186,"date":"2014-04-25T12:39:08","date_gmt":"2014-04-25T12:39:08","guid":{"rendered":"https:\/\/bodenreise.ch\/?page_id=186"},"modified":"2014-09-26T11:10:29","modified_gmt":"2014-09-26T11:10:29","slug":"was-ist-bodenreise","status":"publish","type":"page","link":"https:\/\/bodenreise.ch\/it\/was-ist-bodenreise\/","title":{"rendered":"Che cos\u2019\u00e8 missione-suolo.ch?"},"content":{"rendered":"<p><\/p>\n<h2>In breve<\/h2>\n<p>\nIl sito didattico \u00abmissione-suolo.ch \u2013 una spedizione sotto terra\u00bb offre agli alunni del secondo ciclo di scuola elementare (dal 3\u00b0 al 6\u00b0 anno) la possibilit\u00e0 di scoprire in modo ludico il suolo e i suoi molteplici aspetti.\n<\/p>\n<p>\nL\u2019elemento fondamentale di questa proposta didattica \u00e8 un\u2019applicazione e-learning sotto forma di ascensore virtuale, che conduce gli alunni sotto terra e fa scoprire loro sette stazioni didattiche.\n<\/p>\n<p>\nLe stazioni sono costituite da una sequenza didattica e da un testo audio che consentono loro di approfondire di volta in volta un tema ben definito. In conclusione, ciascuna delle stazioni propone un esperimento che si ricollega al tema trattato. Secondo l\u2019et\u00e0 e il livello di conoscenze degli alunni, occorrono una ventina di minuti per completare l\u2019esplorazione di una stazione. Gli esperimenti richiedono invece da una a due lezioni, compresa la preparazione.\n<\/p>\n<p>\nIl sito didattico \u00e8 corredato da un pieghevole dedicato alla pedologia, che riprende alcuni elementi delle stazioni. Sul retro del pieghevole si trovano le istruzioni dettagliate per svolgere gli esperimenti proposti.\n<\/p>\n<p>\n\u00c8 anche possibile iniziare questa spedizione sotto terra con uno o pi\u00f9 viaggi di esplorazione. Ogni viaggio \u00e8 dedicato a un aspetto specifico della pedologia e conduce gli alunni lungo un percorso che li porter\u00e0 a raggiungere due o tre stazioni. Per accompagnare gli alunni nel loro percorso di apprendimento \u00e8 disponibile un diario di bordo per ciascun viaggio di esplorazione, comprendente una descrizione dell\u2019itinerario e una serie di divertenti compiti da svolgere.<\/p>\n<p><\/p>","protected":false},"excerpt":{"rendered":"<p>In breve Il sito didattico \u00abmissione-suolo.ch \u2013 una spedizione sotto <a href=\"https:\/\/bodenreise.ch\/it\/was-ist-bodenreise\/\" class=\"more-link\">&#8230;<span class=\"screen-reader-text\">  Che cos\u2019\u00e8 missione-suolo.ch?<\/span><\/a><\/p>\n","protected":false},"author":2,"featured_media":0,"parent":0,"menu_order":0,"comment_status":"closed","ping_status":"open","template":"","meta":{"footnotes":""},"class_list":["post-186","page","type-page","status-publish","hentry"],"_links":{"self":[{"href":"https:\/\/bodenreise.ch\/it\/wp-json\/wp\/v2\/pages\/186","targetHints":{"allow":["GET"]}}],"collection":[{"href":"https:\/\/bodenreise.ch\/it\/wp-json\/wp\/v2\/pages"}],"about":[{"href":"https:\/\/bodenreise.ch\/it\/wp-json\/wp\/v2\/types\/page"}],"author":[{"embeddable":true,"href":"https:\/\/bodenreise.ch\/it\/wp-json\/wp\/v2\/users\/2"}],"replies":[{"embeddable":true,"href":"https:\/\/bodenreise.ch\/it\/wp-json\/wp\/v2\/comments?post=186"}],"version-history":[{"count":13,"href":"https:\/\/bodenreise.ch\/it\/wp-json\/wp\/v2\/pages\/186\/revisions"}],"predecessor-version":[{"id":251,"href":"https:\/\/bodenreise.ch\/it\/wp-json\/wp\/v2\/pages\/186\/revisions\/251"}],"wp:attachment":[{"href":"https:\/\/bodenreise.ch\/it\/wp-json\/wp\/v2\/media?parent=186"}],"curies":[{"name":"wp","href":"https:\/\/api.w.org\/{rel}","templated":true}]}}