{"id":215,"date":"2014-06-11T12:20:34","date_gmt":"2014-06-11T12:20:34","guid":{"rendered":"https:\/\/bodenreise.ch\/?page_id=215"},"modified":"2024-10-04T10:58:59","modified_gmt":"2024-10-04T10:58:59","slug":"die-einzelnen-elemente-des-lernangebots","status":"publish","type":"page","link":"https:\/\/bodenreise.ch\/it\/die-einzelnen-elemente-des-lernangebots\/","title":{"rendered":"In dettaglio"},"content":{"rendered":"<p><\/p>\n<div class=\"single-steps\">\n<a href=\"\/wp-content\/uploads\/2014\/06\/Bodenreise_LPK_Intro.png\"><img loading=\"lazy\" decoding=\"async\" class=\"alignleft wp-image-360\" src=\"\/wp-content\/uploads\/2014\/06\/Bodenreise_LPK_Intro-500x287.png\" alt=\"\" width=\"200\" height=\"115\" srcset=\"https:\/\/bodenreise.ch\/wp-content\/uploads\/2014\/06\/Bodenreise_LPK_Intro-500x287.png 500w, https:\/\/bodenreise.ch\/wp-content\/uploads\/2014\/06\/Bodenreise_LPK_Intro-1024x588.png 1024w\" sizes=\"auto, (max-width: 200px) 100vw, 200px\" \/><\/a><\/p>\n<h2>Animazione introduttiva<\/h2>\n<p>L\u2019applicazione e-learning inizia con un\u2019animazione: un lombrico spiega agli alunni come funziona l\u2019ascensore sotterraneo e ci\u00f2 che si pu\u00f2 scoprire nel suolo. \u00c8 possibile saltare l\u2019introduzione e avviare direttamente l\u2019applicazione.\n<\/p><\/div>\n<div class=\"single-steps\">\n<a href=\"\/wp-content\/uploads\/2014\/06\/Bodenreise_LPK_Cockpit.png\"><img loading=\"lazy\" decoding=\"async\" class=\"alignleft wp-image-364\" src=\"\/wp-content\/uploads\/2014\/06\/Bodenreise_LPK_Cockpit-150x150.png\" alt=\"Bodenreise_LPK_Cockpit\" width=\"200\" height=\"114\" srcset=\"https:\/\/bodenreise.ch\/wp-content\/uploads\/2014\/06\/Bodenreise_LPK_Cockpit-500x285.png 500w, https:\/\/bodenreise.ch\/wp-content\/uploads\/2014\/06\/Bodenreise_LPK_Cockpit-1024x584.png 1024w\" sizes=\"auto, (max-width: 200px) 100vw, 200px\" \/><\/a><\/p>\n<h2>Applicazione e-learning \u00abAscensore sotterraneo\u00bb<\/h2>\n<p>Gli alunni possono prendere i comandi dell\u2019ascensore sotterraneo. La tavola d\u2019orientamento indica loro in quale strato del suolo e a quale profondit\u00e0 si trovano le stazioni. La manopola di comando rossa situata al centro consente di navigare nell\u2019ambiente virtuale del suolo.\n<\/p><\/div>\n<div class=\"single-steps\">\n<a href=\"\/wp-content\/uploads\/2018\/10\/screenshot-3-it.png\"><img loading=\"lazy\" decoding=\"async\" class=\"wp-image-687 alignleft\" src=\"\/wp-content\/uploads\/2018\/10\/screenshot-3-it-500x287.png\" alt=\"Screenshot\" width=\"200\" height=\"115\" srcset=\"https:\/\/bodenreise.ch\/wp-content\/uploads\/2018\/10\/screenshot-3-it-500x287.png 500w, https:\/\/bodenreise.ch\/wp-content\/uploads\/2018\/10\/screenshot-3-it-768x441.png 768w, https:\/\/bodenreise.ch\/wp-content\/uploads\/2018\/10\/screenshot-3-it-1024x588.png 1024w, https:\/\/bodenreise.ch\/wp-content\/uploads\/2018\/10\/screenshot-3-it.png 1156w\" sizes=\"auto, (max-width: 200px) 100vw, 200px\" \/><\/a><\/p>\n<h2>Stazioni didattiche<\/h2>\n<p>Lungo il percorso gli alunni incontrano diverse stazioni didattiche. I pulsanti si illuminano e indicano loro di quale stazione si tratta. Nel testo audio (pulsante a destra della manopola di comando), il lombrico riassume il contenuto della stazione e fornisce agli alunni dei punti di riferimento che li aiutano ad orientarsi. Il pulsante di sinistra consente di lanciare la sequenza didattica interattiva.\n<\/p><\/div>\n<div class=\"single-steps\">\n<a href=\"\/wp-content\/uploads\/2018\/10\/screenshot-4-it.png\"><img loading=\"lazy\" decoding=\"async\" class=\"alignleft wp-image-689\" src=\"\/wp-content\/uploads\/2018\/10\/screenshot-4-it-500x287.png\" alt=\"screenshot\" width=\"200\" height=\"115\" srcset=\"https:\/\/bodenreise.ch\/wp-content\/uploads\/2018\/10\/screenshot-4-it-500x287.png 500w, https:\/\/bodenreise.ch\/wp-content\/uploads\/2018\/10\/screenshot-4-it-768x441.png 768w, https:\/\/bodenreise.ch\/wp-content\/uploads\/2018\/10\/screenshot-4-it-1024x588.png 1024w, https:\/\/bodenreise.ch\/wp-content\/uploads\/2018\/10\/screenshot-4-it.png 1156w\" sizes=\"auto, (max-width: 200px) 100vw, 200px\" \/><\/a><\/p>\n<h2>Sequenze didattiche interattive<\/h2>\n<p>Una sequenza comprende in genere 12-15 schermate. Foto, grafici interattivi, esercizi e numerose illustrazioni comunicano in vario modo gli elementi chiave, tenendo conto del livello di conoscenze degli alunni. Ogni sequenza termina con la descrizione di un esperimento, che consente di trasporre nella realt\u00e0 le nozioni apprese.\n<\/p><\/div>\n<div class=\"single-steps\">\n<a href=\"\/wp-content\/uploads\/2018\/10\/screenshot-5-it.png\"><img loading=\"lazy\" decoding=\"async\" class=\"alignleft wp-image-691\" src=\"\/wp-content\/uploads\/2018\/10\/screenshot-5-it-150x150.png\" alt=\"\" width=\"200\" height=\"115\" srcset=\"https:\/\/bodenreise.ch\/wp-content\/uploads\/2018\/10\/screenshot-5-it-500x287.png 500w, https:\/\/bodenreise.ch\/wp-content\/uploads\/2018\/10\/screenshot-5-it-768x441.png 768w, https:\/\/bodenreise.ch\/wp-content\/uploads\/2018\/10\/screenshot-5-it-1024x588.png 1024w, https:\/\/bodenreise.ch\/wp-content\/uploads\/2018\/10\/screenshot-5-it.png 1156w\" sizes=\"auto, (max-width: 200px) 100vw, 200px\" \/><\/a><\/p>\n<h2>Contenuti di base e approfondimenti<\/h2>\n<p>La sequenza didattica si compone di due parti: una parte dedicata ai contenuti di base (\u00abBase\u00bb), che contiene le informazioni pi\u00f9 importanti per rispondere agli obiettivi prefissati, e una parte dedicata agli approfondimenti (\u00abDi pi\u00f9!\u00bb), che permette di imparare ulteriori aspetti relativi ai temi selezionati. I contenuti di base sono destinati agli alunni del 3\u00b0 e 4\u00b0 anno. Le stazioni possono essere esplorate nell\u2019ordine desiderato.\n<\/p><\/div>\n<div class=\"single-steps\">\n<a href=\"\/wp-content\/uploads\/2018\/10\/screenshot-6-it.png\"><img loading=\"lazy\" decoding=\"async\" class=\"alignleft wp-image-693\" src=\"\/wp-content\/uploads\/2018\/10\/screenshot-6-it-500x287.png\" alt=\"\" width=\"200\" height=\"115\" srcset=\"https:\/\/bodenreise.ch\/wp-content\/uploads\/2018\/10\/screenshot-6-it-500x287.png 500w, https:\/\/bodenreise.ch\/wp-content\/uploads\/2018\/10\/screenshot-6-it-768x441.png 768w, https:\/\/bodenreise.ch\/wp-content\/uploads\/2018\/10\/screenshot-6-it-1024x588.png 1024w, https:\/\/bodenreise.ch\/wp-content\/uploads\/2018\/10\/screenshot-6-it.png 1156w\" sizes=\"auto, (max-width: 200px) 100vw, 200px\" \/><\/a><\/p>\n<h2>Viaggi di esplorazione<\/h2>\n<p>Oltre alla scoperta autonoma di questa offerta didattica, \u00e8 anche possibile iniziare la spedizione sotto terra con uno o pi\u00f9 viaggi esplorativi. Ogni viaggio \u00e8 dedicato a un tema specifico e conduce gli alunni a due o tre stazioni. Per accompagnare gli alunni nel loro percorso di apprendimento \u00e8 disponibile un diario di bordo per ciascun viaggio di esplorazione, comprendente una descrizione dell\u2019itinerario e una serie di divertenti compiti da svolgere.\n<\/p><\/div>\n<div class=\"single-steps\">\n<a href=\"\/wp-content\/uploads\/2014\/06\/bodenreise_6_fr_1.jpg\"><img loading=\"lazy\" decoding=\"async\" class=\"alignnone size-full wp-image-216\" src=\"\/wp-content\/uploads\/2014\/06\/bodenreise_6_fr_1.jpg\" alt=\"bodenreise_6_fr_1\" width=\"200\" height=\"133\" \/><\/a><\/p>\n<h2>Pieghevole (lato anteriore)<\/h2>\n<p>Il sito didattico \u00e8 corredato da un pieghevole che rappresenta le stazioni didattiche dell\u2019applicazione e-learning. Il pieghevole \u00e8 stampato su carta idrorepellente sulla quale \u00e8 comunque possibile scrivere, in modo da adattarsi perfettamente alle escursioni nella natura. Sul lato anteriore del pieghevole sono raffigurati i diversi strati del suolo.\n<\/p><\/div>\n<div class=\"single-steps\">\n<a href=\"\/wp-content\/uploads\/2014\/06\/bodenreise_7_1.jpg\"><img loading=\"lazy\" decoding=\"async\" class=\"alignnone size-full wp-image-216\" src=\"\/wp-content\/uploads\/2014\/06\/bodenreise_7_1.jpg\" alt=\"bodenreise_7_1\" width=\"200\" height=\"133\" \/><\/a><\/p>\n<h2>Pieghevole (lato posteriore)<\/h2>\n<p>Sul lato posteriore del pieghevole gli alunni troveranno istruzioni e illustrazioni dettagliate relative ai sette esperimenti proposti nell\u2019applicazione e-learning.\n<\/p><\/div>\n<p><\/p>","protected":false},"excerpt":{"rendered":"<p>Animazione introduttiva L\u2019applicazione e-learning inizia con un\u2019animazione: un lombrico spiega <a href=\"https:\/\/bodenreise.ch\/it\/die-einzelnen-elemente-des-lernangebots\/\" class=\"more-link\">&#8230;<span class=\"screen-reader-text\">  In dettaglio<\/span><\/a><\/p>\n","protected":false},"author":2,"featured_media":0,"parent":0,"menu_order":0,"comment_status":"closed","ping_status":"open","template":"","meta":{"footnotes":""},"class_list":["post-215","page","type-page","status-publish","hentry"],"_links":{"self":[{"href":"https:\/\/bodenreise.ch\/it\/wp-json\/wp\/v2\/pages\/215","targetHints":{"allow":["GET"]}}],"collection":[{"href":"https:\/\/bodenreise.ch\/it\/wp-json\/wp\/v2\/pages"}],"about":[{"href":"https:\/\/bodenreise.ch\/it\/wp-json\/wp\/v2\/types\/page"}],"author":[{"embeddable":true,"href":"https:\/\/bodenreise.ch\/it\/wp-json\/wp\/v2\/users\/2"}],"replies":[{"embeddable":true,"href":"https:\/\/bodenreise.ch\/it\/wp-json\/wp\/v2\/comments?post=215"}],"version-history":[{"count":35,"href":"https:\/\/bodenreise.ch\/it\/wp-json\/wp\/v2\/pages\/215\/revisions"}],"predecessor-version":[{"id":1072,"href":"https:\/\/bodenreise.ch\/it\/wp-json\/wp\/v2\/pages\/215\/revisions\/1072"}],"wp:attachment":[{"href":"https:\/\/bodenreise.ch\/it\/wp-json\/wp\/v2\/media?parent=215"}],"curies":[{"name":"wp","href":"https:\/\/api.w.org\/{rel}","templated":true}]}}